{"id":8,"date":"2021-09-22T02:47:53","date_gmt":"2021-09-22T00:47:53","guid":{"rendered":"https:\/\/rpsof-asnr.fr\/?page_id=8"},"modified":"2022-01-04T15:16:24","modified_gmt":"2022-01-04T14:16:24","slug":"home","status":"publish","type":"page","link":"https:\/\/rpsof-asnr.fr\/","title":{"rendered":"Home"},"content":{"rendered":"<div id=\"metaslider-id-203\" style=\"width: 100%;\" class=\"ml-slider-3-37-0 metaslider metaslider-flex metaslider-203 ml-slider ms-theme-default nav-hidden\" role=\"region\" aria-roledescription=\"Slideshow\" aria-label=\"Nouveau diaporama\">\n    <div id=\"metaslider_container_203\">\n        <div id=\"metaslider_203\">\n            <ul aria-live=\"polite\" class=\"slides\">\n                <li style=\"display: block; width: 100%;\" class=\"slide-443 ms-image\" aria-roledescription=\"slide\" aria-label=\"slide-443\"><img src=\"https:\/\/rpsof-asnr.fr\/wp-content\/uploads\/2022\/01\/baby-gcccbd70bc_1920_500-1916x498.jpg\" height=\"500\" width=\"1920\" alt=\"\" class=\"slider-203 slide-443\" title=\"baby-gcccbd70bc_1920_500\" \/><div class=\"caption-wrap\"><div class=\"caption\">Assurer le suivi des nouveau-n\u00e9s vuln\u00e9rables<\/div><\/div><\/li>\n                <li style=\"display: none; width: 100%;\" class=\"slide-207 ms-image\" aria-roledescription=\"slide\" aria-label=\"slide-207\"><img src=\"https:\/\/rpsof-asnr.fr\/wp-content\/uploads\/2021\/12\/3d8e8ddd-8c26-4028-a859-7cc8f9549ebd_0e9bd6d7-d717-4904-8073-1b0eaaabfdb1-1500x390.jpg\" height=\"500\" width=\"1920\" alt=\"\" class=\"slider-203 slide-207\" title=\"3d8e8ddd-8c26-4028-a859-7cc8f9549ebd_0e9bd6d7-d717-4904-8073-1b0eaaabfdb1\" \/><div class=\"caption-wrap\"><div class=\"caption\">Soutenir le d\u00e9veloppement et d\u00e9pister pr\u00e9cocement les difficult\u00e9s<\/div><\/div><\/li>\n                <li style=\"display: none; width: 100%;\" class=\"slide-653 ms-image\" aria-roledescription=\"slide\" aria-label=\"slide-653\"><img src=\"https:\/\/rpsof-asnr.fr\/wp-content\/uploads\/2022\/01\/child-gc3156d949_1920-1920x500.jpg\" height=\"500\" width=\"1920\" alt=\"\" class=\"slider-203 slide-653\" title=\"child-gc3156d949_1920\" \/><div class=\"caption-wrap\"><div class=\"caption\">Optimiser la prise en charge globale par les professionnels de sant\u00e9<\/div><\/div><\/li>\n                <li style=\"display: none; width: 100%;\" class=\"slide-1480 ms-image\" aria-roledescription=\"slide\" aria-label=\"slide-1480\"><img src=\"https:\/\/rpsof-asnr.fr\/wp-content\/uploads\/2022\/01\/child-g3f25838ba_1920-1920x500.jpg\" height=\"500\" width=\"1920\" alt=\"\" class=\"slider-203 slide-1480\" title=\"child-g3f25838ba_1920\" \/><div class=\"caption-wrap\"><div class=\"caption\">Am\u00e9liorer le devenir personnel, familial, social et scolaire de l'enfant<\/div><\/div><\/li>\n            <\/ul>\n        <\/div>\n        \n    <\/div>\n<\/div>\n","protected":false},"excerpt":{"rendered":"","protected":false},"author":1,"featured_media":0,"parent":0,"menu_order":0,"comment_status":"closed","ping_status":"closed","template":"template-business.php","meta":{"spay_email":""},"yoast_head":"<!-- This site is optimized with the Yoast SEO plugin v17.9 - https:\/\/yoast.com\/wordpress\/plugins\/seo\/ -->\n<title>Home - RPSOF-ASNR<\/title>\n<meta name=\"robots\" content=\"index, follow, max-snippet:-1, max-image-preview:large, max-video-preview:-1\" \/>\n<link rel=\"canonical\" href=\"https:\/\/rpsof-asnr.fr\/\" \/>\n<meta property=\"og:locale\" content=\"fr_FR\" \/>\n<meta property=\"og:type\" content=\"article\" \/>\n<meta property=\"og:title\" content=\"Home - RPSOF-ASNR\" \/>\n<meta property=\"og:url\" content=\"https:\/\/rpsof-asnr.fr\/\" \/>\n<meta property=\"og:site_name\" content=\"RPSOF-ASNR\" \/>\n<meta property=\"article:modified_time\" content=\"2022-01-04T14:16:24+00:00\" \/>\n<meta name=\"twitter:card\" content=\"summary_large_image\" \/>\n<meta name=\"twitter:label1\" content=\"Dur\u00e9e de lecture estim\u00e9e\" \/>\n\t<meta name=\"twitter:data1\" content=\"1 minute\" \/>\n<script type=\"application\/ld+json\" class=\"yoast-schema-graph\">{\"@context\":\"https:\/\/schema.org\",\"@graph\":[{\"@type\":\"WebSite\",\"@id\":\"https:\/\/rpsof-asnr.fr\/#website\",\"url\":\"https:\/\/rpsof-asnr.fr\/\",\"name\":\"RPSOF-ASNR\",\"description\":\"\",\"potentialAction\":[{\"@type\":\"SearchAction\",\"target\":{\"@type\":\"EntryPoint\",\"urlTemplate\":\"https:\/\/rpsof-asnr.fr\/?s={search_term_string}\"},\"query-input\":\"required name=search_term_string\"}],\"inLanguage\":\"fr-FR\"},{\"@type\":\"WebPage\",\"@id\":\"https:\/\/rpsof-asnr.fr\/#webpage\",\"url\":\"https:\/\/rpsof-asnr.fr\/\",\"name\":\"Home - RPSOF-ASNR\",\"isPartOf\":{\"@id\":\"https:\/\/rpsof-asnr.fr\/#website\"},\"datePublished\":\"2021-09-22T00:47:53+00:00\",\"dateModified\":\"2022-01-04T14:16:24+00:00\",\"breadcrumb\":{\"@id\":\"https:\/\/rpsof-asnr.fr\/#breadcrumb\"},\"inLanguage\":\"fr-FR\",\"potentialAction\":[{\"@type\":\"ReadAction\",\"target\":[\"https:\/\/rpsof-asnr.fr\/\"]}]},{\"@type\":\"BreadcrumbList\",\"@id\":\"https:\/\/rpsof-asnr.fr\/#breadcrumb\",\"itemListElement\":[{\"@type\":\"ListItem\",\"position\":1,\"name\":\"Accueil\",\"item\":\"https:\/\/rpsof-asnr.fr\/\"},{\"@type\":\"ListItem\",\"position\":2,\"name\":\"Home\"}]}]}<\/script>\n<!-- \/ Yoast SEO plugin. -->","yoast_head_json":{"title":"Home - RPSOF-ASNR","robots":{"index":"index","follow":"follow","max-snippet":"max-snippet:-1","max-image-preview":"max-image-preview:large","max-video-preview":"max-video-preview:-1"},"canonical":"https:\/\/rpsof-asnr.fr\/","og_locale":"fr_FR","og_type":"article","og_title":"Home - RPSOF-ASNR","og_url":"https:\/\/rpsof-asnr.fr\/","og_site_name":"RPSOF-ASNR","article_modified_time":"2022-01-04T14:16:24+00:00","twitter_card":"summary_large_image","twitter_misc":{"Dur\u00e9e de lecture estim\u00e9e":"1 minute"},"schema":{"@context":"https:\/\/schema.org","@graph":[{"@type":"WebSite","@id":"https:\/\/rpsof-asnr.fr\/#website","url":"https:\/\/rpsof-asnr.fr\/","name":"RPSOF-ASNR","description":"","potentialAction":[{"@type":"SearchAction","target":{"@type":"EntryPoint","urlTemplate":"https:\/\/rpsof-asnr.fr\/?s={search_term_string}"},"query-input":"required name=search_term_string"}],"inLanguage":"fr-FR"},{"@type":"WebPage","@id":"https:\/\/rpsof-asnr.fr\/#webpage","url":"https:\/\/rpsof-asnr.fr\/","name":"Home - RPSOF-ASNR","isPartOf":{"@id":"https:\/\/rpsof-asnr.fr\/#website"},"datePublished":"2021-09-22T00:47:53+00:00","dateModified":"2022-01-04T14:16:24+00:00","breadcrumb":{"@id":"https:\/\/rpsof-asnr.fr\/#breadcrumb"},"inLanguage":"fr-FR","potentialAction":[{"@type":"ReadAction","target":["https:\/\/rpsof-asnr.fr\/"]}]},{"@type":"BreadcrumbList","@id":"https:\/\/rpsof-asnr.fr\/#breadcrumb","itemListElement":[{"@type":"ListItem","position":1,"name":"Accueil","item":"https:\/\/rpsof-asnr.fr\/"},{"@type":"ListItem","position":2,"name":"Home"}]}]}},"_links":{"self":[{"href":"https:\/\/rpsof-asnr.fr\/index.php?rest_route=\/wp\/v2\/pages\/8"}],"collection":[{"href":"https:\/\/rpsof-asnr.fr\/index.php?rest_route=\/wp\/v2\/pages"}],"about":[{"href":"https:\/\/rpsof-asnr.fr\/index.php?rest_route=\/wp\/v2\/types\/page"}],"author":[{"embeddable":true,"href":"https:\/\/rpsof-asnr.fr\/index.php?rest_route=\/wp\/v2\/users\/1"}],"replies":[{"embeddable":true,"href":"https:\/\/rpsof-asnr.fr\/index.php?rest_route=%2Fwp%2Fv2%2Fcomments&post=8"}],"version-history":[{"count":4,"href":"https:\/\/rpsof-asnr.fr\/index.php?rest_route=\/wp\/v2\/pages\/8\/revisions"}],"predecessor-version":[{"id":2300,"href":"https:\/\/rpsof-asnr.fr\/index.php?rest_route=\/wp\/v2\/pages\/8\/revisions\/2300"}],"wp:attachment":[{"href":"https:\/\/rpsof-asnr.fr\/index.php?rest_route=%2Fwp%2Fv2%2Fmedia&parent=8"}],"curies":[{"name":"wp","href":"https:\/\/api.w.org\/{rel}","templated":true}]}}