{"id":1410,"date":"2022-03-16T09:06:40","date_gmt":"2022-03-16T08:06:40","guid":{"rendered":"https:\/\/rpsof-asnr.fr\/?page_id=1410"},"modified":"2023-01-02T13:41:11","modified_gmt":"2023-01-02T12:41:11","slug":"les-types-de-formations-dispensees-par-le-rpsof-asnr","status":"publish","type":"page","link":"https:\/\/rpsof-asnr.fr\/?page_id=1410","title":{"rendered":"Les types de formations dispens\u00e9es par le RPSOF-ASNR"},"content":{"rendered":"\n<div class=\"wp-block-columns\">\n<div class=\"wp-block-column\">\n<p>La majorit\u00e9 des formations est organis\u00e9e en <strong>pr\u00e9sentiel<\/strong>, g\u00e9n\u00e9ralement sur une journ\u00e9e. Certaines formations sont \u00e9galement accessibles en distanciel.<\/p>\n\n\n\n<p><strong>Le mode pr\u00e9sentiel est recommand\u00e9<\/strong> pour profiter pleinement de la formation, des \u00e9changes avec les intervenants et les autres participants.<\/p>\n\n\n\n<p>Un <strong>staff en distanciel<\/strong>, bas\u00e9 sur des cas cliniques, est propos\u00e9 sur un temps court (1h30) environ tous les 2 mois.<\/p>\n\n\n\n<p>Des <strong>documents p\u00e9dagogiques<\/strong> sont fournis \u00e0 chaque formation, consultables aussi sur le site.<\/p>\n<\/div>\n<\/div>\n","protected":false},"excerpt":{"rendered":"<p>La majorit\u00e9 des formations est organis\u00e9e en pr\u00e9sentiel, g\u00e9n\u00e9ralement sur une journ\u00e9e. Certaines formations sont \u00e9galement accessibles en distanciel. Le mode pr\u00e9sentiel est recommand\u00e9 pour profiter pleinement de la formation, des \u00e9changes avec les intervenants et les autres participants. Un staff en distanciel, bas\u00e9 sur des cas cliniques, est propos\u00e9 sur un temps court (1h30) [&hellip;]<\/p>\n","protected":false},"author":1,"featured_media":0,"parent":0,"menu_order":0,"comment_status":"closed","ping_status":"closed","template":"","meta":{"spay_email":""},"yoast_head":"<!-- This site is optimized with the Yoast SEO plugin v17.9 - https:\/\/yoast.com\/wordpress\/plugins\/seo\/ -->\n<title>Les types de formations dispens\u00e9es par le RPSOF-ASNR - RPSOF-ASNR<\/title>\n<meta name=\"robots\" content=\"index, follow, max-snippet:-1, max-image-preview:large, max-video-preview:-1\" \/>\n<link rel=\"canonical\" href=\"https:\/\/rpsof-asnr.fr\/?page_id=1410\" \/>\n<meta property=\"og:locale\" content=\"fr_FR\" \/>\n<meta property=\"og:type\" content=\"article\" \/>\n<meta property=\"og:title\" content=\"Les types de formations dispens\u00e9es par le RPSOF-ASNR - RPSOF-ASNR\" \/>\n<meta property=\"og:description\" content=\"La majorit\u00e9 des formations est organis\u00e9e en pr\u00e9sentiel, g\u00e9n\u00e9ralement sur une journ\u00e9e. Certaines formations sont \u00e9galement accessibles en distanciel. Le mode pr\u00e9sentiel est recommand\u00e9 pour profiter pleinement de la formation, des \u00e9changes avec les intervenants et les autres participants. Un staff en distanciel, bas\u00e9 sur des cas cliniques, est propos\u00e9 sur un temps court (1h30) [&hellip;]\" \/>\n<meta property=\"og:url\" content=\"https:\/\/rpsof-asnr.fr\/?page_id=1410\" \/>\n<meta property=\"og:site_name\" content=\"RPSOF-ASNR\" \/>\n<meta property=\"article:modified_time\" content=\"2023-01-02T12:41:11+00:00\" \/>\n<meta name=\"twitter:card\" content=\"summary_large_image\" \/>\n<meta name=\"twitter:label1\" content=\"Dur\u00e9e de lecture estim\u00e9e\" \/>\n\t<meta name=\"twitter:data1\" content=\"1 minute\" \/>\n<script type=\"application\/ld+json\" class=\"yoast-schema-graph\">{\"@context\":\"https:\/\/schema.org\",\"@graph\":[{\"@type\":\"WebSite\",\"@id\":\"https:\/\/rpsof-asnr.fr\/#website\",\"url\":\"https:\/\/rpsof-asnr.fr\/\",\"name\":\"RPSOF-ASNR\",\"description\":\"\",\"potentialAction\":[{\"@type\":\"SearchAction\",\"target\":{\"@type\":\"EntryPoint\",\"urlTemplate\":\"https:\/\/rpsof-asnr.fr\/?s={search_term_string}\"},\"query-input\":\"required name=search_term_string\"}],\"inLanguage\":\"fr-FR\"},{\"@type\":\"WebPage\",\"@id\":\"https:\/\/rpsof-asnr.fr\/?page_id=1410#webpage\",\"url\":\"https:\/\/rpsof-asnr.fr\/?page_id=1410\",\"name\":\"Les types de formations dispens\\u00e9es par le RPSOF-ASNR - RPSOF-ASNR\",\"isPartOf\":{\"@id\":\"https:\/\/rpsof-asnr.fr\/#website\"},\"datePublished\":\"2022-03-16T08:06:40+00:00\",\"dateModified\":\"2023-01-02T12:41:11+00:00\",\"breadcrumb\":{\"@id\":\"https:\/\/rpsof-asnr.fr\/?page_id=1410#breadcrumb\"},\"inLanguage\":\"fr-FR\",\"potentialAction\":[{\"@type\":\"ReadAction\",\"target\":[\"https:\/\/rpsof-asnr.fr\/?page_id=1410\"]}]},{\"@type\":\"BreadcrumbList\",\"@id\":\"https:\/\/rpsof-asnr.fr\/?page_id=1410#breadcrumb\",\"itemListElement\":[{\"@type\":\"ListItem\",\"position\":1,\"name\":\"Accueil\",\"item\":\"https:\/\/rpsof-asnr.fr\/\"},{\"@type\":\"ListItem\",\"position\":2,\"name\":\"Les types de formations dispens\\u00e9es par le RPSOF-ASNR\"}]}]}<\/script>\n<!-- \/ Yoast SEO plugin. -->","yoast_head_json":{"title":"Les types de formations dispens\u00e9es par le RPSOF-ASNR - RPSOF-ASNR","robots":{"index":"index","follow":"follow","max-snippet":"max-snippet:-1","max-image-preview":"max-image-preview:large","max-video-preview":"max-video-preview:-1"},"canonical":"https:\/\/rpsof-asnr.fr\/?page_id=1410","og_locale":"fr_FR","og_type":"article","og_title":"Les types de formations dispens\u00e9es par le RPSOF-ASNR - RPSOF-ASNR","og_description":"La majorit\u00e9 des formations est organis\u00e9e en pr\u00e9sentiel, g\u00e9n\u00e9ralement sur une journ\u00e9e. Certaines formations sont \u00e9galement accessibles en distanciel. Le mode pr\u00e9sentiel est recommand\u00e9 pour profiter pleinement de la formation, des \u00e9changes avec les intervenants et les autres participants. Un staff en distanciel, bas\u00e9 sur des cas cliniques, est propos\u00e9 sur un temps court (1h30) [&hellip;]","og_url":"https:\/\/rpsof-asnr.fr\/?page_id=1410","og_site_name":"RPSOF-ASNR","article_modified_time":"2023-01-02T12:41:11+00:00","twitter_card":"summary_large_image","twitter_misc":{"Dur\u00e9e de lecture estim\u00e9e":"1 minute"},"schema":{"@context":"https:\/\/schema.org","@graph":[{"@type":"WebSite","@id":"https:\/\/rpsof-asnr.fr\/#website","url":"https:\/\/rpsof-asnr.fr\/","name":"RPSOF-ASNR","description":"","potentialAction":[{"@type":"SearchAction","target":{"@type":"EntryPoint","urlTemplate":"https:\/\/rpsof-asnr.fr\/?s={search_term_string}"},"query-input":"required name=search_term_string"}],"inLanguage":"fr-FR"},{"@type":"WebPage","@id":"https:\/\/rpsof-asnr.fr\/?page_id=1410#webpage","url":"https:\/\/rpsof-asnr.fr\/?page_id=1410","name":"Les types de formations dispens\u00e9es par le RPSOF-ASNR - RPSOF-ASNR","isPartOf":{"@id":"https:\/\/rpsof-asnr.fr\/#website"},"datePublished":"2022-03-16T08:06:40+00:00","dateModified":"2023-01-02T12:41:11+00:00","breadcrumb":{"@id":"https:\/\/rpsof-asnr.fr\/?page_id=1410#breadcrumb"},"inLanguage":"fr-FR","potentialAction":[{"@type":"ReadAction","target":["https:\/\/rpsof-asnr.fr\/?page_id=1410"]}]},{"@type":"BreadcrumbList","@id":"https:\/\/rpsof-asnr.fr\/?page_id=1410#breadcrumb","itemListElement":[{"@type":"ListItem","position":1,"name":"Accueil","item":"https:\/\/rpsof-asnr.fr\/"},{"@type":"ListItem","position":2,"name":"Les types de formations dispens\u00e9es par le RPSOF-ASNR"}]}]}},"_links":{"self":[{"href":"https:\/\/rpsof-asnr.fr\/index.php?rest_route=\/wp\/v2\/pages\/1410"}],"collection":[{"href":"https:\/\/rpsof-asnr.fr\/index.php?rest_route=\/wp\/v2\/pages"}],"about":[{"href":"https:\/\/rpsof-asnr.fr\/index.php?rest_route=\/wp\/v2\/types\/page"}],"author":[{"embeddable":true,"href":"https:\/\/rpsof-asnr.fr\/index.php?rest_route=\/wp\/v2\/users\/1"}],"replies":[{"embeddable":true,"href":"https:\/\/rpsof-asnr.fr\/index.php?rest_route=%2Fwp%2Fv2%2Fcomments&post=1410"}],"version-history":[{"count":4,"href":"https:\/\/rpsof-asnr.fr\/index.php?rest_route=\/wp\/v2\/pages\/1410\/revisions"}],"predecessor-version":[{"id":2445,"href":"https:\/\/rpsof-asnr.fr\/index.php?rest_route=\/wp\/v2\/pages\/1410\/revisions\/2445"}],"wp:attachment":[{"href":"https:\/\/rpsof-asnr.fr\/index.php?rest_route=%2Fwp%2Fv2%2Fmedia&parent=1410"}],"curies":[{"name":"wp","href":"https:\/\/api.w.org\/{rel}","templated":true}]}}