{"id":1392,"date":"2022-03-15T16:40:41","date_gmt":"2022-03-15T15:40:41","guid":{"rendered":"https:\/\/rpsof-asnr.fr\/?page_id=1392"},"modified":"2022-03-15T17:00:31","modified_gmt":"2022-03-15T16:00:31","slug":"bien-choisir-sa-formation","status":"publish","type":"page","link":"https:\/\/rpsof-asnr.fr\/?page_id=1392","title":{"rendered":"Bien choisir sa formation"},"content":{"rendered":"\n<div class=\"wp-block-columns\">\n<div class=\"wp-block-column has-white-background-color has-background\">\n<p>Bien choisir votre formation selon votre profession et votre anciennet\u00e9 dans le RPSOF-ASNR&nbsp;<\/p>\n\n\n\n<p>Vous \u00eates&nbsp;:<\/p>\n\n\n\n<ul><li><strong>Nouvel adh\u00e9rent m\u00e9decin<\/strong>\u00a0: suivre la formation socle sur le protocole de suivi des enfants<\/li><li><strong>M\u00e9decin pilote<\/strong>\u00a0: continuer la formation socle, choisir chaque ann\u00e9e une formation th\u00e9matique<\/li><li><strong>Nouvel adh\u00e9rent psychomotricien<\/strong>\u00a0: suivre la formation d\u2019int\u00e9gration des psychomotriciens<\/li><li><strong>Professionnel de sant\u00e9<\/strong> d\u00e9j\u00e0 impliqu\u00e9 dans le suivi des enfants : choisir une formation th\u00e9matique<\/li><\/ul>\n<\/div>\n<\/div>\n\n\n\n<p><\/p>\n","protected":false},"excerpt":{"rendered":"<p>Bien choisir votre formation selon votre profession et votre anciennet\u00e9 dans le RPSOF-ASNR&nbsp; Vous \u00eates&nbsp;: Nouvel adh\u00e9rent m\u00e9decin\u00a0: suivre la formation socle sur le protocole de suivi des enfants M\u00e9decin pilote\u00a0: continuer la formation socle, choisir chaque ann\u00e9e une formation th\u00e9matique Nouvel adh\u00e9rent psychomotricien\u00a0: suivre la formation d\u2019int\u00e9gration des psychomotriciens Professionnel de sant\u00e9 d\u00e9j\u00e0 impliqu\u00e9 [&hellip;]<\/p>\n","protected":false},"author":1,"featured_media":0,"parent":0,"menu_order":0,"comment_status":"closed","ping_status":"closed","template":"","meta":{"spay_email":""},"yoast_head":"<!-- This site is optimized with the Yoast SEO plugin v17.9 - https:\/\/yoast.com\/wordpress\/plugins\/seo\/ -->\n<title>Bien choisir sa formation - RPSOF-ASNR<\/title>\n<meta name=\"robots\" content=\"index, follow, max-snippet:-1, max-image-preview:large, max-video-preview:-1\" \/>\n<link rel=\"canonical\" href=\"https:\/\/rpsof-asnr.fr\/?page_id=1392\" \/>\n<meta property=\"og:locale\" content=\"fr_FR\" \/>\n<meta property=\"og:type\" content=\"article\" \/>\n<meta property=\"og:title\" content=\"Bien choisir sa formation - RPSOF-ASNR\" \/>\n<meta property=\"og:description\" content=\"Bien choisir votre formation selon votre profession et votre anciennet\u00e9 dans le RPSOF-ASNR&nbsp; Vous \u00eates&nbsp;: Nouvel adh\u00e9rent m\u00e9decin\u00a0: suivre la formation socle sur le protocole de suivi des enfants M\u00e9decin pilote\u00a0: continuer la formation socle, choisir chaque ann\u00e9e une formation th\u00e9matique Nouvel adh\u00e9rent psychomotricien\u00a0: suivre la formation d\u2019int\u00e9gration des psychomotriciens Professionnel de sant\u00e9 d\u00e9j\u00e0 impliqu\u00e9 [&hellip;]\" \/>\n<meta property=\"og:url\" content=\"https:\/\/rpsof-asnr.fr\/?page_id=1392\" \/>\n<meta property=\"og:site_name\" content=\"RPSOF-ASNR\" \/>\n<meta property=\"article:modified_time\" content=\"2022-03-15T16:00:31+00:00\" \/>\n<meta name=\"twitter:card\" content=\"summary_large_image\" \/>\n<meta name=\"twitter:label1\" content=\"Dur\u00e9e de lecture estim\u00e9e\" \/>\n\t<meta name=\"twitter:data1\" content=\"1 minute\" \/>\n<script type=\"application\/ld+json\" class=\"yoast-schema-graph\">{\"@context\":\"https:\/\/schema.org\",\"@graph\":[{\"@type\":\"WebSite\",\"@id\":\"https:\/\/rpsof-asnr.fr\/#website\",\"url\":\"https:\/\/rpsof-asnr.fr\/\",\"name\":\"RPSOF-ASNR\",\"description\":\"\",\"potentialAction\":[{\"@type\":\"SearchAction\",\"target\":{\"@type\":\"EntryPoint\",\"urlTemplate\":\"https:\/\/rpsof-asnr.fr\/?s={search_term_string}\"},\"query-input\":\"required name=search_term_string\"}],\"inLanguage\":\"fr-FR\"},{\"@type\":\"WebPage\",\"@id\":\"https:\/\/rpsof-asnr.fr\/?page_id=1392#webpage\",\"url\":\"https:\/\/rpsof-asnr.fr\/?page_id=1392\",\"name\":\"Bien choisir sa formation - RPSOF-ASNR\",\"isPartOf\":{\"@id\":\"https:\/\/rpsof-asnr.fr\/#website\"},\"datePublished\":\"2022-03-15T15:40:41+00:00\",\"dateModified\":\"2022-03-15T16:00:31+00:00\",\"breadcrumb\":{\"@id\":\"https:\/\/rpsof-asnr.fr\/?page_id=1392#breadcrumb\"},\"inLanguage\":\"fr-FR\",\"potentialAction\":[{\"@type\":\"ReadAction\",\"target\":[\"https:\/\/rpsof-asnr.fr\/?page_id=1392\"]}]},{\"@type\":\"BreadcrumbList\",\"@id\":\"https:\/\/rpsof-asnr.fr\/?page_id=1392#breadcrumb\",\"itemListElement\":[{\"@type\":\"ListItem\",\"position\":1,\"name\":\"Accueil\",\"item\":\"https:\/\/rpsof-asnr.fr\/\"},{\"@type\":\"ListItem\",\"position\":2,\"name\":\"Bien choisir sa formation\"}]}]}<\/script>\n<!-- \/ Yoast SEO plugin. -->","yoast_head_json":{"title":"Bien choisir sa formation - RPSOF-ASNR","robots":{"index":"index","follow":"follow","max-snippet":"max-snippet:-1","max-image-preview":"max-image-preview:large","max-video-preview":"max-video-preview:-1"},"canonical":"https:\/\/rpsof-asnr.fr\/?page_id=1392","og_locale":"fr_FR","og_type":"article","og_title":"Bien choisir sa formation - RPSOF-ASNR","og_description":"Bien choisir votre formation selon votre profession et votre anciennet\u00e9 dans le RPSOF-ASNR&nbsp; Vous \u00eates&nbsp;: Nouvel adh\u00e9rent m\u00e9decin\u00a0: suivre la formation socle sur le protocole de suivi des enfants M\u00e9decin pilote\u00a0: continuer la formation socle, choisir chaque ann\u00e9e une formation th\u00e9matique Nouvel adh\u00e9rent psychomotricien\u00a0: suivre la formation d\u2019int\u00e9gration des psychomotriciens Professionnel de sant\u00e9 d\u00e9j\u00e0 impliqu\u00e9 [&hellip;]","og_url":"https:\/\/rpsof-asnr.fr\/?page_id=1392","og_site_name":"RPSOF-ASNR","article_modified_time":"2022-03-15T16:00:31+00:00","twitter_card":"summary_large_image","twitter_misc":{"Dur\u00e9e de lecture estim\u00e9e":"1 minute"},"schema":{"@context":"https:\/\/schema.org","@graph":[{"@type":"WebSite","@id":"https:\/\/rpsof-asnr.fr\/#website","url":"https:\/\/rpsof-asnr.fr\/","name":"RPSOF-ASNR","description":"","potentialAction":[{"@type":"SearchAction","target":{"@type":"EntryPoint","urlTemplate":"https:\/\/rpsof-asnr.fr\/?s={search_term_string}"},"query-input":"required name=search_term_string"}],"inLanguage":"fr-FR"},{"@type":"WebPage","@id":"https:\/\/rpsof-asnr.fr\/?page_id=1392#webpage","url":"https:\/\/rpsof-asnr.fr\/?page_id=1392","name":"Bien choisir sa formation - RPSOF-ASNR","isPartOf":{"@id":"https:\/\/rpsof-asnr.fr\/#website"},"datePublished":"2022-03-15T15:40:41+00:00","dateModified":"2022-03-15T16:00:31+00:00","breadcrumb":{"@id":"https:\/\/rpsof-asnr.fr\/?page_id=1392#breadcrumb"},"inLanguage":"fr-FR","potentialAction":[{"@type":"ReadAction","target":["https:\/\/rpsof-asnr.fr\/?page_id=1392"]}]},{"@type":"BreadcrumbList","@id":"https:\/\/rpsof-asnr.fr\/?page_id=1392#breadcrumb","itemListElement":[{"@type":"ListItem","position":1,"name":"Accueil","item":"https:\/\/rpsof-asnr.fr\/"},{"@type":"ListItem","position":2,"name":"Bien choisir sa formation"}]}]}},"_links":{"self":[{"href":"https:\/\/rpsof-asnr.fr\/index.php?rest_route=\/wp\/v2\/pages\/1392"}],"collection":[{"href":"https:\/\/rpsof-asnr.fr\/index.php?rest_route=\/wp\/v2\/pages"}],"about":[{"href":"https:\/\/rpsof-asnr.fr\/index.php?rest_route=\/wp\/v2\/types\/page"}],"author":[{"embeddable":true,"href":"https:\/\/rpsof-asnr.fr\/index.php?rest_route=\/wp\/v2\/users\/1"}],"replies":[{"embeddable":true,"href":"https:\/\/rpsof-asnr.fr\/index.php?rest_route=%2Fwp%2Fv2%2Fcomments&post=1392"}],"version-history":[{"count":5,"href":"https:\/\/rpsof-asnr.fr\/index.php?rest_route=\/wp\/v2\/pages\/1392\/revisions"}],"predecessor-version":[{"id":1400,"href":"https:\/\/rpsof-asnr.fr\/index.php?rest_route=\/wp\/v2\/pages\/1392\/revisions\/1400"}],"wp:attachment":[{"href":"https:\/\/rpsof-asnr.fr\/index.php?rest_route=%2Fwp%2Fv2%2Fmedia&parent=1392"}],"curies":[{"name":"wp","href":"https:\/\/api.w.org\/{rel}","templated":true}]}}