{"id":1139,"date":"2022-01-21T17:06:14","date_gmt":"2022-01-21T16:06:14","guid":{"rendered":"https:\/\/rpsof-asnr.fr\/?page_id=1139"},"modified":"2022-12-06T17:13:47","modified_gmt":"2022-12-06T16:13:47","slug":"gateau-chocolat-au-beurre-sale","status":"publish","type":"page","link":"https:\/\/rpsof-asnr.fr\/?page_id=1139","title":{"rendered":"G\u00e2teau chocolat au beurre sal\u00e9"},"content":{"rendered":"\n<h4>Ingr\u00e9dients<\/h4>\n\n\n\n<ul><li>3 \u0153ufs<\/li><li>125 g de sucre<\/li><li>100 g de farine<\/li><li>200 g de chocolat noir<\/li><li>125 g de beurre demi-sel<\/li><\/ul>\n\n\n\n<p>M\u00e9langer les \u0153ufs et le sucre.<\/p>\n\n\n\n<p>Ajouter la farine.<\/p>\n\n\n\n<p>Faire fondre le chocolat et le beurre et ajouter \u00e0 la pr\u00e9paration.<\/p>\n\n\n\n<p>Verser la p\u00e2te dans un moule \u00e0 cake et enfourner 15 min \u00e0 200 \u00b0C.<\/p>\n\n\n\n<p>Laisser refroidir 15 minutes avant de d\u00e9mouler.<\/p>\n\n\n\n<p>Le g\u00e2teau reste fondant \u00e0 c\u0153ur.<\/p>\n","protected":false},"excerpt":{"rendered":"<p>Ingr\u00e9dients 3 \u0153ufs 125 g de sucre 100 g de farine 200 g de chocolat noir 125 g de beurre demi-sel M\u00e9langer les \u0153ufs et le sucre. Ajouter la farine. Faire fondre le chocolat et le beurre et ajouter \u00e0 la pr\u00e9paration. Verser la p\u00e2te dans un moule \u00e0 cake et enfourner 15 min \u00e0 [&hellip;]<\/p>\n","protected":false},"author":1,"featured_media":0,"parent":832,"menu_order":0,"comment_status":"closed","ping_status":"closed","template":"","meta":{"spay_email":""},"yoast_head":"<!-- This site is optimized with the Yoast SEO plugin v17.9 - https:\/\/yoast.com\/wordpress\/plugins\/seo\/ -->\n<title>G\u00e2teau chocolat au beurre sal\u00e9 - RPSOF-ASNR<\/title>\n<meta name=\"robots\" content=\"index, follow, max-snippet:-1, max-image-preview:large, max-video-preview:-1\" \/>\n<link rel=\"canonical\" href=\"https:\/\/rpsof-asnr.fr\/?page_id=1139\" \/>\n<meta property=\"og:locale\" content=\"fr_FR\" \/>\n<meta property=\"og:type\" content=\"article\" \/>\n<meta property=\"og:title\" content=\"G\u00e2teau chocolat au beurre sal\u00e9 - RPSOF-ASNR\" \/>\n<meta property=\"og:description\" content=\"Ingr\u00e9dients 3 \u0153ufs 125 g de sucre 100 g de farine 200 g de chocolat noir 125 g de beurre demi-sel M\u00e9langer les \u0153ufs et le sucre. Ajouter la farine. Faire fondre le chocolat et le beurre et ajouter \u00e0 la pr\u00e9paration. Verser la p\u00e2te dans un moule \u00e0 cake et enfourner 15 min \u00e0 [&hellip;]\" \/>\n<meta property=\"og:url\" content=\"https:\/\/rpsof-asnr.fr\/?page_id=1139\" \/>\n<meta property=\"og:site_name\" content=\"RPSOF-ASNR\" \/>\n<meta property=\"article:modified_time\" content=\"2022-12-06T16:13:47+00:00\" \/>\n<meta name=\"twitter:card\" content=\"summary_large_image\" \/>\n<meta name=\"twitter:label1\" content=\"Dur\u00e9e de lecture estim\u00e9e\" \/>\n\t<meta name=\"twitter:data1\" content=\"1 minute\" \/>\n<script type=\"application\/ld+json\" class=\"yoast-schema-graph\">{\"@context\":\"https:\/\/schema.org\",\"@graph\":[{\"@type\":\"WebSite\",\"@id\":\"https:\/\/rpsof-asnr.fr\/#website\",\"url\":\"https:\/\/rpsof-asnr.fr\/\",\"name\":\"RPSOF-ASNR\",\"description\":\"\",\"potentialAction\":[{\"@type\":\"SearchAction\",\"target\":{\"@type\":\"EntryPoint\",\"urlTemplate\":\"https:\/\/rpsof-asnr.fr\/?s={search_term_string}\"},\"query-input\":\"required name=search_term_string\"}],\"inLanguage\":\"fr-FR\"},{\"@type\":\"WebPage\",\"@id\":\"https:\/\/rpsof-asnr.fr\/?page_id=1139#webpage\",\"url\":\"https:\/\/rpsof-asnr.fr\/?page_id=1139\",\"name\":\"G\\u00e2teau chocolat au beurre sal\\u00e9 - RPSOF-ASNR\",\"isPartOf\":{\"@id\":\"https:\/\/rpsof-asnr.fr\/#website\"},\"datePublished\":\"2022-01-21T16:06:14+00:00\",\"dateModified\":\"2022-12-06T16:13:47+00:00\",\"breadcrumb\":{\"@id\":\"https:\/\/rpsof-asnr.fr\/?page_id=1139#breadcrumb\"},\"inLanguage\":\"fr-FR\",\"potentialAction\":[{\"@type\":\"ReadAction\",\"target\":[\"https:\/\/rpsof-asnr.fr\/?page_id=1139\"]}]},{\"@type\":\"BreadcrumbList\",\"@id\":\"https:\/\/rpsof-asnr.fr\/?page_id=1139#breadcrumb\",\"itemListElement\":[{\"@type\":\"ListItem\",\"position\":1,\"name\":\"Accueil\",\"item\":\"https:\/\/rpsof-asnr.fr\/\"},{\"@type\":\"ListItem\",\"position\":2,\"name\":\"Espace Famille\",\"item\":\"https:\/\/rpsof-asnr.fr\/?page_id=757\"},{\"@type\":\"ListItem\",\"position\":3,\"name\":\"Coin ludique\",\"item\":\"https:\/\/rpsof-asnr.fr\/?page_id=773\"},{\"@type\":\"ListItem\",\"position\":4,\"name\":\"Des recettes \\u00e0 r\\u00e9aliser\",\"item\":\"https:\/\/rpsof-asnr.fr\/?page_id=832\"},{\"@type\":\"ListItem\",\"position\":5,\"name\":\"G\\u00e2teau chocolat au beurre sal\\u00e9\"}]}]}<\/script>\n<!-- \/ Yoast SEO plugin. -->","yoast_head_json":{"title":"G\u00e2teau chocolat au beurre sal\u00e9 - RPSOF-ASNR","robots":{"index":"index","follow":"follow","max-snippet":"max-snippet:-1","max-image-preview":"max-image-preview:large","max-video-preview":"max-video-preview:-1"},"canonical":"https:\/\/rpsof-asnr.fr\/?page_id=1139","og_locale":"fr_FR","og_type":"article","og_title":"G\u00e2teau chocolat au beurre sal\u00e9 - RPSOF-ASNR","og_description":"Ingr\u00e9dients 3 \u0153ufs 125 g de sucre 100 g de farine 200 g de chocolat noir 125 g de beurre demi-sel M\u00e9langer les \u0153ufs et le sucre. Ajouter la farine. Faire fondre le chocolat et le beurre et ajouter \u00e0 la pr\u00e9paration. Verser la p\u00e2te dans un moule \u00e0 cake et enfourner 15 min \u00e0 [&hellip;]","og_url":"https:\/\/rpsof-asnr.fr\/?page_id=1139","og_site_name":"RPSOF-ASNR","article_modified_time":"2022-12-06T16:13:47+00:00","twitter_card":"summary_large_image","twitter_misc":{"Dur\u00e9e de lecture estim\u00e9e":"1 minute"},"schema":{"@context":"https:\/\/schema.org","@graph":[{"@type":"WebSite","@id":"https:\/\/rpsof-asnr.fr\/#website","url":"https:\/\/rpsof-asnr.fr\/","name":"RPSOF-ASNR","description":"","potentialAction":[{"@type":"SearchAction","target":{"@type":"EntryPoint","urlTemplate":"https:\/\/rpsof-asnr.fr\/?s={search_term_string}"},"query-input":"required name=search_term_string"}],"inLanguage":"fr-FR"},{"@type":"WebPage","@id":"https:\/\/rpsof-asnr.fr\/?page_id=1139#webpage","url":"https:\/\/rpsof-asnr.fr\/?page_id=1139","name":"G\u00e2teau chocolat au beurre sal\u00e9 - RPSOF-ASNR","isPartOf":{"@id":"https:\/\/rpsof-asnr.fr\/#website"},"datePublished":"2022-01-21T16:06:14+00:00","dateModified":"2022-12-06T16:13:47+00:00","breadcrumb":{"@id":"https:\/\/rpsof-asnr.fr\/?page_id=1139#breadcrumb"},"inLanguage":"fr-FR","potentialAction":[{"@type":"ReadAction","target":["https:\/\/rpsof-asnr.fr\/?page_id=1139"]}]},{"@type":"BreadcrumbList","@id":"https:\/\/rpsof-asnr.fr\/?page_id=1139#breadcrumb","itemListElement":[{"@type":"ListItem","position":1,"name":"Accueil","item":"https:\/\/rpsof-asnr.fr\/"},{"@type":"ListItem","position":2,"name":"Espace Famille","item":"https:\/\/rpsof-asnr.fr\/?page_id=757"},{"@type":"ListItem","position":3,"name":"Coin ludique","item":"https:\/\/rpsof-asnr.fr\/?page_id=773"},{"@type":"ListItem","position":4,"name":"Des recettes \u00e0 r\u00e9aliser","item":"https:\/\/rpsof-asnr.fr\/?page_id=832"},{"@type":"ListItem","position":5,"name":"G\u00e2teau chocolat au beurre sal\u00e9"}]}]}},"_links":{"self":[{"href":"https:\/\/rpsof-asnr.fr\/index.php?rest_route=\/wp\/v2\/pages\/1139"}],"collection":[{"href":"https:\/\/rpsof-asnr.fr\/index.php?rest_route=\/wp\/v2\/pages"}],"about":[{"href":"https:\/\/rpsof-asnr.fr\/index.php?rest_route=\/wp\/v2\/types\/page"}],"author":[{"embeddable":true,"href":"https:\/\/rpsof-asnr.fr\/index.php?rest_route=\/wp\/v2\/users\/1"}],"replies":[{"embeddable":true,"href":"https:\/\/rpsof-asnr.fr\/index.php?rest_route=%2Fwp%2Fv2%2Fcomments&post=1139"}],"version-history":[{"count":4,"href":"https:\/\/rpsof-asnr.fr\/index.php?rest_route=\/wp\/v2\/pages\/1139\/revisions"}],"predecessor-version":[{"id":2417,"href":"https:\/\/rpsof-asnr.fr\/index.php?rest_route=\/wp\/v2\/pages\/1139\/revisions\/2417"}],"up":[{"embeddable":true,"href":"https:\/\/rpsof-asnr.fr\/index.php?rest_route=\/wp\/v2\/pages\/832"}],"wp:attachment":[{"href":"https:\/\/rpsof-asnr.fr\/index.php?rest_route=%2Fwp%2Fv2%2Fmedia&parent=1139"}],"curies":[{"name":"wp","href":"https:\/\/api.w.org\/{rel}","templated":true}]}}