{"id":1112,"date":"2022-01-21T15:18:59","date_gmt":"2022-01-21T14:18:59","guid":{"rendered":"https:\/\/rpsof-asnr.fr\/?page_id=1112"},"modified":"2023-02-14T00:45:33","modified_gmt":"2023-02-13T23:45:33","slug":"memory-des-sons","status":"publish","type":"page","link":"https:\/\/rpsof-asnr.fr\/?page_id=1112","title":{"rendered":"Memory des sons"},"content":{"rendered":"\n<h5 class=\"has-text-align-center\"><em>Pour affiner l\u2019ou\u00efe de nos enfants, nous pouvons fabriquer ensemble un memory des sons et jouer avec eux. <\/em><\/h5>\n\n\n\n<h5 class=\"has-text-align-center\"><em>Les enfants plus petits pourront apprendre \u00e0 distinguer les sons en manipulant ce mat\u00e9riel.<\/em><\/h5>\n\n\n\n<p><strong>Pour r\u00e9aliser le jeu<\/strong>&nbsp;: Remplir des paires de pots de yaourt avec des contenants (polenta, haricots, semoule, riz\u2026), les refermer avec une feuille cartonn\u00e9e et les marquer d\u2019une couleur (ex: jaune pour les deux pots de polenta, bleu pour les deux pots de haricots\u2026). <\/p>\n\n\n\n<p> <strong>Comment jouer ?&nbsp;&nbsp;<\/strong>Reconstituer les paires sonores. <\/p>\n\n\n\n<h5>Mat\u00e9riel :<\/h5>\n\n\n\n<ul><li>Installer les pots, couvercles cach\u00e9s.<\/li><li>Secouer un pot et le remettre \u00e0 sa place<\/li><li>Secouer les autres pots chacun son tour, et les remettre \u00e0 leur place, jusqu\u2019\u00e0 retrouver le son identique.<\/li><li>Celui qui a reconstitu\u00e9 le plus de paires a gagn\u00e9.<\/li><\/ul>\n\n\n\n<p> Vous pouvez commencer avec deux sons, puis en ajouter deux autres, puis encore deux autres\u2026 <\/p>\n\n\n\n<p> <strong>Cliquer sur la vid\u00e9o pour d\u00e9couvrir le jeu :<\/strong> <\/p>\n\n\n\n<figure class=\"wp-block-video\"><video controls src=\"https:\/\/rpsof-asnr.fr\/wp-content\/uploads\/2022\/01\/memory_sons.mp4\"><\/video><\/figure>\n","protected":false},"excerpt":{"rendered":"<p>Pour affiner l\u2019ou\u00efe de nos enfants, nous pouvons fabriquer ensemble un memory des sons et jouer avec eux. Les enfants plus petits pourront apprendre \u00e0 distinguer les sons en manipulant ce mat\u00e9riel. Pour r\u00e9aliser le jeu&nbsp;: Remplir des paires de pots de yaourt avec des contenants (polenta, haricots, semoule, riz\u2026), les refermer avec une feuille [&hellip;]<\/p>\n","protected":false},"author":1,"featured_media":0,"parent":810,"menu_order":0,"comment_status":"closed","ping_status":"closed","template":"","meta":{"spay_email":""},"yoast_head":"<!-- This site is optimized with the Yoast SEO plugin v17.9 - https:\/\/yoast.com\/wordpress\/plugins\/seo\/ -->\n<title>Memory des sons - RPSOF-ASNR<\/title>\n<meta name=\"robots\" content=\"index, follow, max-snippet:-1, max-image-preview:large, max-video-preview:-1\" \/>\n<link rel=\"canonical\" href=\"https:\/\/rpsof-asnr.fr\/?page_id=1112\" \/>\n<meta property=\"og:locale\" content=\"fr_FR\" \/>\n<meta property=\"og:type\" content=\"article\" \/>\n<meta property=\"og:title\" content=\"Memory des sons - RPSOF-ASNR\" \/>\n<meta property=\"og:description\" content=\"Pour affiner l\u2019ou\u00efe de nos enfants, nous pouvons fabriquer ensemble un memory des sons et jouer avec eux. Les enfants plus petits pourront apprendre \u00e0 distinguer les sons en manipulant ce mat\u00e9riel. Pour r\u00e9aliser le jeu&nbsp;: Remplir des paires de pots de yaourt avec des contenants (polenta, haricots, semoule, riz\u2026), les refermer avec une feuille [&hellip;]\" \/>\n<meta property=\"og:url\" content=\"https:\/\/rpsof-asnr.fr\/?page_id=1112\" \/>\n<meta property=\"og:site_name\" content=\"RPSOF-ASNR\" \/>\n<meta property=\"article:modified_time\" content=\"2023-02-13T23:45:33+00:00\" \/>\n<meta name=\"twitter:card\" content=\"summary_large_image\" \/>\n<meta name=\"twitter:label1\" content=\"Dur\u00e9e de lecture estim\u00e9e\" \/>\n\t<meta name=\"twitter:data1\" content=\"1 minute\" \/>\n<script type=\"application\/ld+json\" class=\"yoast-schema-graph\">{\"@context\":\"https:\/\/schema.org\",\"@graph\":[{\"@type\":\"WebSite\",\"@id\":\"https:\/\/rpsof-asnr.fr\/#website\",\"url\":\"https:\/\/rpsof-asnr.fr\/\",\"name\":\"RPSOF-ASNR\",\"description\":\"\",\"potentialAction\":[{\"@type\":\"SearchAction\",\"target\":{\"@type\":\"EntryPoint\",\"urlTemplate\":\"https:\/\/rpsof-asnr.fr\/?s={search_term_string}\"},\"query-input\":\"required name=search_term_string\"}],\"inLanguage\":\"fr-FR\"},{\"@type\":\"WebPage\",\"@id\":\"https:\/\/rpsof-asnr.fr\/?page_id=1112#webpage\",\"url\":\"https:\/\/rpsof-asnr.fr\/?page_id=1112\",\"name\":\"Memory des sons - RPSOF-ASNR\",\"isPartOf\":{\"@id\":\"https:\/\/rpsof-asnr.fr\/#website\"},\"datePublished\":\"2022-01-21T14:18:59+00:00\",\"dateModified\":\"2023-02-13T23:45:33+00:00\",\"breadcrumb\":{\"@id\":\"https:\/\/rpsof-asnr.fr\/?page_id=1112#breadcrumb\"},\"inLanguage\":\"fr-FR\",\"potentialAction\":[{\"@type\":\"ReadAction\",\"target\":[\"https:\/\/rpsof-asnr.fr\/?page_id=1112\"]}]},{\"@type\":\"BreadcrumbList\",\"@id\":\"https:\/\/rpsof-asnr.fr\/?page_id=1112#breadcrumb\",\"itemListElement\":[{\"@type\":\"ListItem\",\"position\":1,\"name\":\"Accueil\",\"item\":\"https:\/\/rpsof-asnr.fr\/\"},{\"@type\":\"ListItem\",\"position\":2,\"name\":\"Espace Famille\",\"item\":\"https:\/\/rpsof-asnr.fr\/?page_id=757\"},{\"@type\":\"ListItem\",\"position\":3,\"name\":\"Coin ludique\",\"item\":\"https:\/\/rpsof-asnr.fr\/?page_id=773\"},{\"@type\":\"ListItem\",\"position\":4,\"name\":\"Espace cr\\u00e9atif\",\"item\":\"https:\/\/rpsof-asnr.fr\/?page_id=810\"},{\"@type\":\"ListItem\",\"position\":5,\"name\":\"Memory des sons\"}]}]}<\/script>\n<!-- \/ Yoast SEO plugin. -->","yoast_head_json":{"title":"Memory des sons - RPSOF-ASNR","robots":{"index":"index","follow":"follow","max-snippet":"max-snippet:-1","max-image-preview":"max-image-preview:large","max-video-preview":"max-video-preview:-1"},"canonical":"https:\/\/rpsof-asnr.fr\/?page_id=1112","og_locale":"fr_FR","og_type":"article","og_title":"Memory des sons - RPSOF-ASNR","og_description":"Pour affiner l\u2019ou\u00efe de nos enfants, nous pouvons fabriquer ensemble un memory des sons et jouer avec eux. Les enfants plus petits pourront apprendre \u00e0 distinguer les sons en manipulant ce mat\u00e9riel. Pour r\u00e9aliser le jeu&nbsp;: Remplir des paires de pots de yaourt avec des contenants (polenta, haricots, semoule, riz\u2026), les refermer avec une feuille [&hellip;]","og_url":"https:\/\/rpsof-asnr.fr\/?page_id=1112","og_site_name":"RPSOF-ASNR","article_modified_time":"2023-02-13T23:45:33+00:00","twitter_card":"summary_large_image","twitter_misc":{"Dur\u00e9e de lecture estim\u00e9e":"1 minute"},"schema":{"@context":"https:\/\/schema.org","@graph":[{"@type":"WebSite","@id":"https:\/\/rpsof-asnr.fr\/#website","url":"https:\/\/rpsof-asnr.fr\/","name":"RPSOF-ASNR","description":"","potentialAction":[{"@type":"SearchAction","target":{"@type":"EntryPoint","urlTemplate":"https:\/\/rpsof-asnr.fr\/?s={search_term_string}"},"query-input":"required name=search_term_string"}],"inLanguage":"fr-FR"},{"@type":"WebPage","@id":"https:\/\/rpsof-asnr.fr\/?page_id=1112#webpage","url":"https:\/\/rpsof-asnr.fr\/?page_id=1112","name":"Memory des sons - RPSOF-ASNR","isPartOf":{"@id":"https:\/\/rpsof-asnr.fr\/#website"},"datePublished":"2022-01-21T14:18:59+00:00","dateModified":"2023-02-13T23:45:33+00:00","breadcrumb":{"@id":"https:\/\/rpsof-asnr.fr\/?page_id=1112#breadcrumb"},"inLanguage":"fr-FR","potentialAction":[{"@type":"ReadAction","target":["https:\/\/rpsof-asnr.fr\/?page_id=1112"]}]},{"@type":"BreadcrumbList","@id":"https:\/\/rpsof-asnr.fr\/?page_id=1112#breadcrumb","itemListElement":[{"@type":"ListItem","position":1,"name":"Accueil","item":"https:\/\/rpsof-asnr.fr\/"},{"@type":"ListItem","position":2,"name":"Espace Famille","item":"https:\/\/rpsof-asnr.fr\/?page_id=757"},{"@type":"ListItem","position":3,"name":"Coin ludique","item":"https:\/\/rpsof-asnr.fr\/?page_id=773"},{"@type":"ListItem","position":4,"name":"Espace cr\u00e9atif","item":"https:\/\/rpsof-asnr.fr\/?page_id=810"},{"@type":"ListItem","position":5,"name":"Memory des sons"}]}]}},"_links":{"self":[{"href":"https:\/\/rpsof-asnr.fr\/index.php?rest_route=\/wp\/v2\/pages\/1112"}],"collection":[{"href":"https:\/\/rpsof-asnr.fr\/index.php?rest_route=\/wp\/v2\/pages"}],"about":[{"href":"https:\/\/rpsof-asnr.fr\/index.php?rest_route=\/wp\/v2\/types\/page"}],"author":[{"embeddable":true,"href":"https:\/\/rpsof-asnr.fr\/index.php?rest_route=\/wp\/v2\/users\/1"}],"replies":[{"embeddable":true,"href":"https:\/\/rpsof-asnr.fr\/index.php?rest_route=%2Fwp%2Fv2%2Fcomments&post=1112"}],"version-history":[{"count":2,"href":"https:\/\/rpsof-asnr.fr\/index.php?rest_route=\/wp\/v2\/pages\/1112\/revisions"}],"predecessor-version":[{"id":2519,"href":"https:\/\/rpsof-asnr.fr\/index.php?rest_route=\/wp\/v2\/pages\/1112\/revisions\/2519"}],"up":[{"embeddable":true,"href":"https:\/\/rpsof-asnr.fr\/index.php?rest_route=\/wp\/v2\/pages\/810"}],"wp:attachment":[{"href":"https:\/\/rpsof-asnr.fr\/index.php?rest_route=%2Fwp%2Fv2%2Fmedia&parent=1112"}],"curies":[{"name":"wp","href":"https:\/\/api.w.org\/{rel}","templated":true}]}}